{"id":10997,"date":"2022-02-16T13:47:17","date_gmt":"2022-02-16T12:47:17","guid":{"rendered":"https:\/\/staging.frilo.eu\/impressum\/"},"modified":"2025-10-22T15:54:56","modified_gmt":"2025-10-22T13:54:56","slug":"imprint","status":"publish","type":"page","link":"https:\/\/www.frilo.eu\/en\/imprint\/","title":{"rendered":"Imprint"},"content":{"rendered":"\t\t<div data-elementor-type=\"wp-page\" data-elementor-id=\"10997\" class=\"elementor elementor-10997 elementor-159\" data-elementor-post-type=\"page\">\n\t\t\t\t\t\t<section class=\"elementor-section elementor-top-section elementor-element elementor-element-03283f3 container elementor-section-full_width elementor-section-height-default elementor-section-height-default\" data-id=\"03283f3\" data-element_type=\"section\" data-e-type=\"section\">\n\t\t\t\t\t\t<div class=\"elementor-container elementor-column-gap-default\">\n\t\t\t\t\t<div class=\"elementor-column elementor-col-100 elementor-top-column elementor-element elementor-element-6ecd90a\" data-id=\"6ecd90a\" data-element_type=\"column\" data-e-type=\"column\">\n\t\t\t<div class=\"elementor-widget-wrap elementor-element-populated\">\n\t\t\t\t\t\t<div class=\"elementor-element elementor-element-b823c12 elementor-widget elementor-widget-heading\" data-id=\"b823c12\" data-element_type=\"widget\" data-e-type=\"widget\" data-widget_type=\"heading.default\">\n\t\t\t\t<div class=\"elementor-widget-container\">\n\t\t\t\t\t<h1 class=\"elementor-heading-title elementor-size-default\">Imprint<\/h1>\t\t\t\t<\/div>\n\t\t\t\t<\/div>\n\t\t\t\t\t<\/div>\n\t\t<\/div>\n\t\t\t\t\t<\/div>\n\t\t<\/section>\n\t\t\t\t<section class=\"elementor-section elementor-top-section elementor-element elementor-element-0062d5c elementor-section-full_width container elementor-section-height-default elementor-section-height-default\" data-id=\"0062d5c\" data-element_type=\"section\" data-e-type=\"section\">\n\t\t\t\t\t\t<div class=\"elementor-container elementor-column-gap-default\">\n\t\t\t\t\t<div class=\"elementor-column elementor-col-50 elementor-top-column elementor-element elementor-element-fa316ab\" data-id=\"fa316ab\" data-element_type=\"column\" data-e-type=\"column\">\n\t\t\t<div class=\"elementor-widget-wrap elementor-element-populated\">\n\t\t\t\t\t\t<div class=\"elementor-element elementor-element-9a5d265 elementor-widget elementor-widget-text-editor\" data-id=\"9a5d265\" data-element_type=\"widget\" data-e-type=\"widget\" data-widget_type=\"text-editor.default\">\n\t\t\t\t<div class=\"elementor-widget-container\">\n\t\t\t\t\t\t\t\t\t<p>ALLPLAN GmbH<br \/>Konrad-Zuse-Platz 1<br \/>81829 M\u00fcnchen<\/p><p>\u00a0<\/p><p>P +49 711 81002-0<br \/>E <a href=\"mailto:info@frilo.eu\"><u>info.frilo(at)allplan.com<\/u><\/a><\/p><p>\u00a0<\/p><p>Legal Representative: Sunil Pandita and Karlheinz R\u00e4ttich<br \/>Registered Seat: M\u00fcnchen<br \/>Commercial Register: Amtsgericht M\u00fcnchen, HRB 147169<br \/>VAT Nr.: DE228452447<\/p><p>\u00a0<\/p><p>Responsible according to \u00a7 5 Abs. 1 DDG \/ \u00a7 18 Abs. 2 MStV:<br \/>Sunil Pandita and Karlheinz R\u00e4ttich<br \/>ALLPLAN GmbH<br \/>Konrad-Zuse-Platz 1<br \/>81829 M\u00fcnchen<\/p>\t\t\t\t\t\t\t\t<\/div>\n\t\t\t\t<\/div>\n\t\t\t\t\t<\/div>\n\t\t<\/div>\n\t\t\t\t<div class=\"elementor-column elementor-col-50 elementor-top-column elementor-element elementor-element-535c459\" data-id=\"535c459\" data-element_type=\"column\" data-e-type=\"column\">\n\t\t\t<div class=\"elementor-widget-wrap elementor-element-populated\">\n\t\t\t\t\t\t<div class=\"elementor-element elementor-element-b928b21 elementor-widget elementor-widget-text-editor\" data-id=\"b928b21\" data-element_type=\"widget\" data-e-type=\"widget\" data-widget_type=\"text-editor.default\">\n\t\t\t\t<div class=\"elementor-widget-container\">\n\t\t\t\t\t\t\t\t\t<p><b>Copyright<\/b><br \/>All texts, graphics and illustrations on this website are protected by copyright. Any use or reproduction, in whole or in part, requires the prior permission of the copyright holder.<\/p><p>\u00a0<\/p><p><strong>Disclaimer<\/strong><br \/>We do not accept any responsibility for the content of linked websites &#8211; this is the responsibility of the operators of those websites.<\/p><p>\u00a0<\/p><p><strong>Dispute resolution<\/strong><br \/>The European Commission provides a platform for online dispute resolution (ODR):<br \/><a href=\"https:\/\/ec.europa.eu\/consumers\/odr\" target=\"_blank\" rel=\"noopener\">https:\/\/ec.europa.eu\/consumers\/odr<\/a><br \/>We are not willing or obliged to participate in dispute resolution proceedings before a consumer arbitration board.<\/p>\t\t\t\t\t\t\t\t<\/div>\n\t\t\t\t<\/div>\n\t\t\t\t\t<\/div>\n\t\t<\/div>\n\t\t\t\t\t<\/div>\n\t\t<\/section>\n\t\t\t\t<\/div>\n\t\t","protected":false},"excerpt":{"rendered":"<p>Imprint ALLPLAN GmbHKonrad-Zuse-Platz 181829 M\u00fcnchen \u00a0 P +49 711 81002-0E info.frilo(at)allplan.com \u00a0 Legal Representative: Sunil Pandita and Karlheinz R\u00e4ttichRegistered Seat: M\u00fcnchenCommercial Register: Amtsgericht M\u00fcnchen, HRB 147169VAT Nr.: DE228452447 \u00a0 Responsible according to \u00a7 5 Abs. 1 DDG \/ \u00a7 18 Abs. 2 MStV:Sunil Pandita and Karlheinz R\u00e4ttichALLPLAN GmbHKonrad-Zuse-Platz 181829 M\u00fcnchen CopyrightAll texts, graphics and illustrations [&hellip;]<\/p>\n","protected":false},"author":1,"featured_media":0,"parent":0,"menu_order":0,"comment_status":"closed","ping_status":"closed","template":"","meta":{"_acf_changed":false,"footnotes":""},"class_list":["post-10997","page","type-page","status-publish","hentry"],"acf":[],"yoast_head":"<!-- This site is optimized with the Yoast SEO Premium plugin v24.0 (Yoast SEO v27.3) - https:\/\/yoast.com\/product\/yoast-seo-premium-wordpress\/ -->\n<title>Imprint I FRILO<\/title>\n<meta name=\"description\" content=\"In our FRILO imprint you will find the general mandatory information to confirm the identity of our company.\" \/>\n<meta name=\"robots\" content=\"index, follow, max-snippet:-1, max-image-preview:large, max-video-preview:-1\" \/>\n<link rel=\"canonical\" href=\"https:\/\/www.frilo.eu\/en\/imprint\/\" \/>\n<meta property=\"og:locale\" content=\"en_US\" \/>\n<meta property=\"og:type\" content=\"article\" \/>\n<meta property=\"og:title\" content=\"Imprint\" \/>\n<meta property=\"og:description\" content=\"In our FRILO imprint you will find the general mandatory information to confirm the identity of our company.\" \/>\n<meta property=\"og:url\" content=\"https:\/\/www.frilo.eu\/en\/imprint\/\" \/>\n<meta property=\"og:site_name\" content=\"FRILO\" \/>\n<meta property=\"article:modified_time\" content=\"2025-10-22T13:54:56+00:00\" \/>\n<meta name=\"twitter:card\" content=\"summary_large_image\" \/>\n<meta name=\"twitter:label1\" content=\"Est. reading time\" \/>\n\t<meta name=\"twitter:data1\" content=\"1 minute\" \/>\n<script type=\"application\/ld+json\" class=\"yoast-schema-graph\">{\"@context\":\"https:\\\/\\\/schema.org\",\"@graph\":[{\"@type\":\"WebPage\",\"@id\":\"https:\\\/\\\/www.frilo.eu\\\/en\\\/imprint\\\/\",\"url\":\"https:\\\/\\\/www.frilo.eu\\\/en\\\/imprint\\\/\",\"name\":\"Imprint I FRILO\",\"isPartOf\":{\"@id\":\"https:\\\/\\\/www.frilo.eu\\\/#website\"},\"datePublished\":\"2022-02-16T12:47:17+00:00\",\"dateModified\":\"2025-10-22T13:54:56+00:00\",\"description\":\"In our FRILO imprint you will find the general mandatory information to confirm the identity of our company.\",\"breadcrumb\":{\"@id\":\"https:\\\/\\\/www.frilo.eu\\\/en\\\/imprint\\\/#breadcrumb\"},\"inLanguage\":\"en-US\",\"potentialAction\":[{\"@type\":\"ReadAction\",\"target\":[\"https:\\\/\\\/www.frilo.eu\\\/en\\\/imprint\\\/\"]}]},{\"@type\":\"BreadcrumbList\",\"@id\":\"https:\\\/\\\/www.frilo.eu\\\/en\\\/imprint\\\/#breadcrumb\",\"itemListElement\":[{\"@type\":\"ListItem\",\"position\":1,\"name\":\"Startseite\",\"item\":\"https:\\\/\\\/www.frilo.eu\\\/en\\\/\"},{\"@type\":\"ListItem\",\"position\":2,\"name\":\"Imprint\"}]},{\"@type\":\"WebSite\",\"@id\":\"https:\\\/\\\/www.frilo.eu\\\/#website\",\"url\":\"https:\\\/\\\/www.frilo.eu\\\/\",\"name\":\"FRILO Software GmbH\",\"description\":\"A Nemetschek Company\",\"publisher\":{\"@id\":\"https:\\\/\\\/www.frilo.eu\\\/#organization\"},\"potentialAction\":[{\"@type\":\"SearchAction\",\"target\":{\"@type\":\"EntryPoint\",\"urlTemplate\":\"https:\\\/\\\/www.frilo.eu\\\/?s={search_term_string}\"},\"query-input\":{\"@type\":\"PropertyValueSpecification\",\"valueRequired\":true,\"valueName\":\"search_term_string\"}}],\"inLanguage\":\"en-US\"},{\"@type\":\"Organization\",\"@id\":\"https:\\\/\\\/www.frilo.eu\\\/#organization\",\"name\":\"FRILO Software GmbH\",\"url\":\"https:\\\/\\\/www.frilo.eu\\\/\",\"logo\":{\"@type\":\"ImageObject\",\"inLanguage\":\"en-US\",\"@id\":\"https:\\\/\\\/www.frilo.eu\\\/#\\\/schema\\\/logo\\\/image\\\/\",\"url\":\"https:\\\/\\\/www.frilo.eu\\\/wp-content\\\/uploads\\\/DE\\\/Bilder\\\/Logos\\\/FRILO-Logos\\\/frilo-logo_mit-nemetschek_blau.png\",\"contentUrl\":\"https:\\\/\\\/www.frilo.eu\\\/wp-content\\\/uploads\\\/DE\\\/Bilder\\\/Logos\\\/FRILO-Logos\\\/frilo-logo_mit-nemetschek_blau.png\",\"width\":858,\"height\":284,\"caption\":\"FRILO Software GmbH\"},\"image\":{\"@id\":\"https:\\\/\\\/www.frilo.eu\\\/#\\\/schema\\\/logo\\\/image\\\/\"}}]}<\/script>\n<!-- \/ Yoast SEO Premium plugin. -->","yoast_head_json":{"title":"Imprint I FRILO","description":"In our FRILO imprint you will find the general mandatory information to confirm the identity of our company.","robots":{"index":"index","follow":"follow","max-snippet":"max-snippet:-1","max-image-preview":"max-image-preview:large","max-video-preview":"max-video-preview:-1"},"canonical":"https:\/\/www.frilo.eu\/en\/imprint\/","og_locale":"en_US","og_type":"article","og_title":"Imprint","og_description":"In our FRILO imprint you will find the general mandatory information to confirm the identity of our company.","og_url":"https:\/\/www.frilo.eu\/en\/imprint\/","og_site_name":"FRILO","article_modified_time":"2025-10-22T13:54:56+00:00","twitter_card":"summary_large_image","twitter_misc":{"Est. reading time":"1 minute"},"schema":{"@context":"https:\/\/schema.org","@graph":[{"@type":"WebPage","@id":"https:\/\/www.frilo.eu\/en\/imprint\/","url":"https:\/\/www.frilo.eu\/en\/imprint\/","name":"Imprint I FRILO","isPartOf":{"@id":"https:\/\/www.frilo.eu\/#website"},"datePublished":"2022-02-16T12:47:17+00:00","dateModified":"2025-10-22T13:54:56+00:00","description":"In our FRILO imprint you will find the general mandatory information to confirm the identity of our company.","breadcrumb":{"@id":"https:\/\/www.frilo.eu\/en\/imprint\/#breadcrumb"},"inLanguage":"en-US","potentialAction":[{"@type":"ReadAction","target":["https:\/\/www.frilo.eu\/en\/imprint\/"]}]},{"@type":"BreadcrumbList","@id":"https:\/\/www.frilo.eu\/en\/imprint\/#breadcrumb","itemListElement":[{"@type":"ListItem","position":1,"name":"Startseite","item":"https:\/\/www.frilo.eu\/en\/"},{"@type":"ListItem","position":2,"name":"Imprint"}]},{"@type":"WebSite","@id":"https:\/\/www.frilo.eu\/#website","url":"https:\/\/www.frilo.eu\/","name":"FRILO Software GmbH","description":"A Nemetschek Company","publisher":{"@id":"https:\/\/www.frilo.eu\/#organization"},"potentialAction":[{"@type":"SearchAction","target":{"@type":"EntryPoint","urlTemplate":"https:\/\/www.frilo.eu\/?s={search_term_string}"},"query-input":{"@type":"PropertyValueSpecification","valueRequired":true,"valueName":"search_term_string"}}],"inLanguage":"en-US"},{"@type":"Organization","@id":"https:\/\/www.frilo.eu\/#organization","name":"FRILO Software GmbH","url":"https:\/\/www.frilo.eu\/","logo":{"@type":"ImageObject","inLanguage":"en-US","@id":"https:\/\/www.frilo.eu\/#\/schema\/logo\/image\/","url":"https:\/\/www.frilo.eu\/wp-content\/uploads\/DE\/Bilder\/Logos\/FRILO-Logos\/frilo-logo_mit-nemetschek_blau.png","contentUrl":"https:\/\/www.frilo.eu\/wp-content\/uploads\/DE\/Bilder\/Logos\/FRILO-Logos\/frilo-logo_mit-nemetschek_blau.png","width":858,"height":284,"caption":"FRILO Software GmbH"},"image":{"@id":"https:\/\/www.frilo.eu\/#\/schema\/logo\/image\/"}}]}},"_links":{"self":[{"href":"https:\/\/www.frilo.eu\/en\/wp-json\/wp\/v2\/pages\/10997","targetHints":{"allow":["GET"]}}],"collection":[{"href":"https:\/\/www.frilo.eu\/en\/wp-json\/wp\/v2\/pages"}],"about":[{"href":"https:\/\/www.frilo.eu\/en\/wp-json\/wp\/v2\/types\/page"}],"author":[{"embeddable":true,"href":"https:\/\/www.frilo.eu\/en\/wp-json\/wp\/v2\/users\/1"}],"replies":[{"embeddable":true,"href":"https:\/\/www.frilo.eu\/en\/wp-json\/wp\/v2\/comments?post=10997"}],"version-history":[{"count":5,"href":"https:\/\/www.frilo.eu\/en\/wp-json\/wp\/v2\/pages\/10997\/revisions"}],"predecessor-version":[{"id":46971,"href":"https:\/\/www.frilo.eu\/en\/wp-json\/wp\/v2\/pages\/10997\/revisions\/46971"}],"wp:attachment":[{"href":"https:\/\/www.frilo.eu\/en\/wp-json\/wp\/v2\/media?parent=10997"}],"curies":[{"name":"wp","href":"https:\/\/api.w.org\/{rel}","templated":true}]}}