{"id":12046,"date":"2022-02-15T15:33:12","date_gmt":"2022-02-15T14:33:12","guid":{"rendered":"https:\/\/staging.frilo.eu\/rechenbeispiele\/"},"modified":"2024-01-11T10:47:22","modified_gmt":"2024-01-11T09:47:22","slug":"rechenbeispiele","status":"publish","type":"page","link":"https:\/\/www.frilo.eu\/en\/rechenbeispiele\/","title":{"rendered":"Rechenbeispiele"},"content":{"rendered":"\t\t<div data-elementor-type=\"wp-page\" data-elementor-id=\"12046\" class=\"elementor elementor-12046 elementor-50\" data-elementor-post-type=\"page\">\n\t\t\t\t\t\t<section class=\"elementor-section elementor-top-section elementor-element elementor-element-db78db1 elementor-section-height-min-height elementor-section-boxed elementor-section-height-default elementor-section-items-middle\" data-id=\"db78db1\" data-element_type=\"section\" data-e-type=\"section\" data-settings=\"{&quot;background_background&quot;:&quot;classic&quot;}\">\n\t\t\t\t\t\t<div class=\"elementor-container elementor-column-gap-default\">\n\t\t\t\t\t<div class=\"elementor-column elementor-col-100 elementor-top-column elementor-element elementor-element-1752f65\" data-id=\"1752f65\" data-element_type=\"column\" data-e-type=\"column\">\n\t\t\t<div class=\"elementor-widget-wrap\">\n\t\t\t\t\t\t\t<\/div>\n\t\t<\/div>\n\t\t\t\t\t<\/div>\n\t\t<\/section>\n\t\t\t\t<section class=\"elementor-section elementor-top-section elementor-element elementor-element-9d846f7 container elementor-section-full_width elementor-section-height-default elementor-section-height-default\" data-id=\"9d846f7\" data-element_type=\"section\" data-e-type=\"section\">\n\t\t\t\t\t\t<div class=\"elementor-container elementor-column-gap-default\">\n\t\t\t\t\t<div class=\"elementor-column elementor-col-50 elementor-top-column elementor-element elementor-element-f4f88ab\" data-id=\"f4f88ab\" data-element_type=\"column\" data-e-type=\"column\" data-settings=\"{&quot;background_background&quot;:&quot;classic&quot;}\">\n\t\t\t<div class=\"elementor-widget-wrap elementor-element-populated\">\n\t\t\t\t\t\t<div class=\"elementor-element elementor-element-32e528b elementor-widget elementor-widget-heading\" data-id=\"32e528b\" data-element_type=\"widget\" data-e-type=\"widget\" data-widget_type=\"heading.default\">\n\t\t\t\t<div class=\"elementor-widget-container\">\n\t\t\t\t\t<h2 class=\"elementor-heading-title elementor-size-default\">DIE SCHNELLE HILFE<\/h2>\t\t\t\t<\/div>\n\t\t\t\t<\/div>\n\t\t\t\t<div class=\"elementor-element elementor-element-a86a6cd elementor-widget elementor-widget-heading\" data-id=\"a86a6cd\" data-element_type=\"widget\" data-e-type=\"widget\" data-widget_type=\"heading.default\">\n\t\t\t\t<div class=\"elementor-widget-container\">\n\t\t\t\t\t<h1 class=\"elementor-heading-title elementor-size-default\">Eine Anleitung zur Hand haben<\/h1>\t\t\t\t<\/div>\n\t\t\t\t<\/div>\n\t\t\t\t<div class=\"elementor-element elementor-element-0d26112 elementor-widget elementor-widget-text-editor\" data-id=\"0d26112\" data-element_type=\"widget\" data-e-type=\"widget\" data-widget_type=\"text-editor.default\">\n\t\t\t\t<div class=\"elementor-widget-container\">\n\t\t\t\t\t\t\t\t\t<p style=\"text-align: left;\">F\u00fcr s\u00e4mtliche L\u00f6sungen aus dem FRILO-Portfolio stellen wir Ihnen ein eigenes angelegtes Handbuch zur Verf\u00fcgung. Die Handb\u00fccher sind als Bedienungsanleitungen zu verstehen, die den Zweck verfolgen, Ihnen die Grundlagen in der Anwendung des jeweiligen FRILO-Programms zu vermitteln. F\u00fcr unsere gr\u00f6\u00dferen und komplexeren Programme wie das Geb\u00e4udemodell GEO gibt es zus\u00e4tzliche Manuals, die sich lohnen, wenn Sie sich bestimmte Inhalte vertieft aneignen m\u00f6chten.<\/p><p style=\"text-align: left;\">\u00a0<\/p><p style=\"text-align: left;\">S\u00e4mtliche Handb\u00fccher stellen wir Ihnen auf dieser Seite zum kostenlosen Download im PDF-Format bereit. Nutzen Sie die Suchfunktion, um eine bestimmte Anleitungen ganz gezielt aufzusp\u00fcren.<\/p>\t\t\t\t\t\t\t\t<\/div>\n\t\t\t\t<\/div>\n\t\t\t\t\t<\/div>\n\t\t<\/div>\n\t\t\t\t<div class=\"elementor-column elementor-col-50 elementor-top-column elementor-element elementor-element-3ca04d3\" data-id=\"3ca04d3\" data-element_type=\"column\" data-e-type=\"column\">\n\t\t\t<div class=\"elementor-widget-wrap\">\n\t\t\t\t\t\t\t<\/div>\n\t\t<\/div>\n\t\t\t\t\t<\/div>\n\t\t<\/section>\n\t\t\t\t<section class=\"elementor-section elementor-top-section elementor-element elementor-element-4cc8999 elementor-section-boxed elementor-section-height-default elementor-section-height-default\" data-id=\"4cc8999\" data-element_type=\"section\" data-e-type=\"section\">\n\t\t\t\t\t\t<div class=\"elementor-container elementor-column-gap-default\">\n\t\t\t\t\t<div class=\"elementor-column elementor-col-100 elementor-top-column elementor-element elementor-element-7e95c31\" data-id=\"7e95c31\" data-element_type=\"column\" data-e-type=\"column\">\n\t\t\t<div class=\"elementor-widget-wrap elementor-element-populated\">\n\t\t\t\t\t\t<section class=\"elementor-section elementor-inner-section elementor-element elementor-element-67b560a elementor-section-full_width container elementor-section-height-default elementor-section-height-default\" data-id=\"67b560a\" data-element_type=\"section\" data-e-type=\"section\">\n\t\t\t\t\t\t<div class=\"elementor-container elementor-column-gap-default\">\n\t\t\t\t\t<div class=\"elementor-column elementor-col-100 elementor-inner-column elementor-element elementor-element-2da00e6\" data-id=\"2da00e6\" data-element_type=\"column\" data-e-type=\"column\">\n\t\t\t<div class=\"elementor-widget-wrap elementor-element-populated\">\n\t\t\t\t\t\t<div class=\"elementor-element elementor-element-0adf388 elementor-widget elementor-widget-shortcode\" data-id=\"0adf388\" data-element_type=\"widget\" data-e-type=\"widget\" data-widget_type=\"shortcode.default\">\n\t\t\t\t<div class=\"elementor-widget-container\">\n\t\t\t\t\t\t\t<div class=\"elementor-shortcode\">    <div class=\"manuals-container\">\r\n        <div class=\"fr-search-form\">\r\n            <form role=\"search\" action=\"https:\/\/www.frilo.eu\/wp-admin\/admin-ajax.php\" method=\"POST\" id=\"searchcf\">\r\n                <input class=\"icon search-cf\" type=\"text\" name=\"s\" placeholder=\"Search by keyword\"\/>\r\n                <input type=\"hidden\" name=\"action\" value=\"search-cf\">\r\n                <input type=\"hidden\" name=\"page-id\" value=\"12046\">\r\n\r\n            <\/form>\r\n        <\/div>\r\n        <h3>\r\n            Rechenbeispiele        <\/h3>\r\n        <h5> \r\n                    <\/h5>\r\n        <div class=\"cf-result\"><\/div>\r\n                    <div class=\"single-manual-cat\">\r\n                <div class=\"flex space-between\">\r\n                    <div class=\"manual-cat-data flex space-between bleed\">\r\n                        <img decoding=\"async\" src=\"https:\/\/www.frilo.eu\/wp-content\/uploads\/icon-stabwerk.svg\" class=\"attachment-full size-full\" alt=\"\" \/>                        <h3 class=\"cat-title\">\r\n                        GEO                        <\/h3>\r\n                    <\/div>\r\n                    <a href=\"#!\" class=\"toggle-files\">\r\n                    <img decoding=\"async\" src=\"https:\/\/www.frilo.eu\/wp-content\/themes\/blank\/img\/icon-show-hide.svg\">\r\n                    <\/a>\r\n                <\/div>\r\n                <div class=\"files-container\">\r\n                    \r\n                            <div class=\"document-row flex space-between bleed-big break-mobile\">\r\n                                <div class=\"flex bleed-big flex-center half-col\">\r\n                                    <img decoding=\"async\" width=\"86\" height=\"94\" src=\"https:\/\/www.frilo.eu\/wp-content\/uploads\/p-stabwerke.png\" class=\"attachment-full size-full\" alt=\"\" \/>                                    <div>\r\n                                    <h6>\r\n                                        PDF Datei                                    <\/h6>\r\n                                    <p>\r\n                                        Auskragende Wandscheiben                                    <\/p>\r\n                                    <\/div>\r\n                                <\/div>\r\n                            \r\n                                <div class=\"document-size\">\r\n                                    <p>145.60 KB<\/p>\r\n                                <\/div>\r\n                                <a href=\"https:\/\/www.frilo.eu\/wp-content\/uploads\/DE\/PDF\/Rechenbeispiele\/geo_3_auskragende_wandscheiben.pdf\" target=\"_blank\" class=\"fr-btn\">\r\n                                    DOWNLOAD                                 <\/a>\r\n                            <\/div>\r\n                                        <\/div>\r\n            <\/div>\r\n            <\/div>\r\n<\/div>\n\t\t\t\t\t\t<\/div>\n\t\t\t\t<\/div>\n\t\t\t\t\t<\/div>\n\t\t<\/div>\n\t\t\t\t\t<\/div>\n\t\t<\/section>\n\t\t\t\t\t<\/div>\n\t\t<\/div>\n\t\t\t\t\t<\/div>\n\t\t<\/section>\n\t\t\t\t<\/div>\n\t\t","protected":false},"excerpt":{"rendered":"<p>DIE SCHNELLE HILFE Eine Anleitung zur Hand haben F\u00fcr s\u00e4mtliche L\u00f6sungen aus dem FRILO-Portfolio stellen wir Ihnen ein eigenes angelegtes Handbuch zur Verf\u00fcgung. Die Handb\u00fccher sind als Bedienungsanleitungen zu verstehen, die den Zweck verfolgen, Ihnen die Grundlagen in der Anwendung des jeweiligen FRILO-Programms zu vermitteln. F\u00fcr unsere gr\u00f6\u00dferen und komplexeren Programme wie das Geb\u00e4udemodell GEO [&hellip;]<\/p>\n","protected":false},"author":1,"featured_media":0,"parent":0,"menu_order":0,"comment_status":"closed","ping_status":"closed","template":"","meta":{"_acf_changed":false,"footnotes":""},"class_list":["post-12046","page","type-page","status-publish","hentry"],"acf":[],"yoast_head":"<!-- This site is optimized with the Yoast SEO Premium plugin v24.0 (Yoast SEO v27.3) - https:\/\/yoast.com\/product\/yoast-seo-premium-wordpress\/ -->\n<title>Rechenbeispiele I FRILO<\/title>\n<meta name=\"description\" content=\"F\u00fcr s\u00e4mtliche L\u00f6sungen aus dem FRILO-Portfolio stellen wir Ihnen ein eigenes angelegtes Handbuch zum kostenlosen PDF-Download zur Verf\u00fcgung.\" \/>\n<meta name=\"robots\" content=\"index, follow, max-snippet:-1, max-image-preview:large, max-video-preview:-1\" \/>\n<link rel=\"canonical\" href=\"https:\/\/www.frilo.eu\/en\/rechenbeispiele\/\" \/>\n<meta property=\"og:locale\" content=\"en_US\" \/>\n<meta property=\"og:type\" content=\"article\" \/>\n<meta property=\"og:title\" content=\"Rechenbeispiele\" \/>\n<meta property=\"og:description\" content=\"F\u00fcr s\u00e4mtliche L\u00f6sungen aus dem FRILO-Portfolio stellen wir Ihnen ein eigenes angelegtes Handbuch zum kostenlosen PDF-Download zur Verf\u00fcgung.\" \/>\n<meta property=\"og:url\" content=\"https:\/\/www.frilo.eu\/en\/rechenbeispiele\/\" \/>\n<meta property=\"og:site_name\" content=\"FRILO\" \/>\n<meta property=\"article:modified_time\" content=\"2024-01-11T09:47:22+00:00\" \/>\n<meta name=\"twitter:card\" content=\"summary_large_image\" \/>\n<meta name=\"twitter:label1\" content=\"Est. reading time\" \/>\n\t<meta name=\"twitter:data1\" content=\"1 minute\" \/>\n<script type=\"application\/ld+json\" class=\"yoast-schema-graph\">{\"@context\":\"https:\\\/\\\/schema.org\",\"@graph\":[{\"@type\":\"WebPage\",\"@id\":\"https:\\\/\\\/www.frilo.eu\\\/en\\\/rechenbeispiele\\\/\",\"url\":\"https:\\\/\\\/www.frilo.eu\\\/en\\\/rechenbeispiele\\\/\",\"name\":\"Rechenbeispiele I FRILO\",\"isPartOf\":{\"@id\":\"https:\\\/\\\/www.frilo.eu\\\/#website\"},\"datePublished\":\"2022-02-15T14:33:12+00:00\",\"dateModified\":\"2024-01-11T09:47:22+00:00\",\"description\":\"F\u00fcr s\u00e4mtliche L\u00f6sungen aus dem FRILO-Portfolio stellen wir Ihnen ein eigenes angelegtes Handbuch zum kostenlosen PDF-Download zur Verf\u00fcgung.\",\"breadcrumb\":{\"@id\":\"https:\\\/\\\/www.frilo.eu\\\/en\\\/rechenbeispiele\\\/#breadcrumb\"},\"inLanguage\":\"en-US\",\"potentialAction\":[{\"@type\":\"ReadAction\",\"target\":[\"https:\\\/\\\/www.frilo.eu\\\/en\\\/rechenbeispiele\\\/\"]}]},{\"@type\":\"BreadcrumbList\",\"@id\":\"https:\\\/\\\/www.frilo.eu\\\/en\\\/rechenbeispiele\\\/#breadcrumb\",\"itemListElement\":[{\"@type\":\"ListItem\",\"position\":1,\"name\":\"Startseite\",\"item\":\"https:\\\/\\\/www.frilo.eu\\\/en\\\/\"},{\"@type\":\"ListItem\",\"position\":2,\"name\":\"Rechenbeispiele\"}]},{\"@type\":\"WebSite\",\"@id\":\"https:\\\/\\\/www.frilo.eu\\\/#website\",\"url\":\"https:\\\/\\\/www.frilo.eu\\\/\",\"name\":\"FRILO Software GmbH\",\"description\":\"A Nemetschek Company\",\"publisher\":{\"@id\":\"https:\\\/\\\/www.frilo.eu\\\/#organization\"},\"potentialAction\":[{\"@type\":\"SearchAction\",\"target\":{\"@type\":\"EntryPoint\",\"urlTemplate\":\"https:\\\/\\\/www.frilo.eu\\\/?s={search_term_string}\"},\"query-input\":{\"@type\":\"PropertyValueSpecification\",\"valueRequired\":true,\"valueName\":\"search_term_string\"}}],\"inLanguage\":\"en-US\"},{\"@type\":\"Organization\",\"@id\":\"https:\\\/\\\/www.frilo.eu\\\/#organization\",\"name\":\"FRILO Software GmbH\",\"url\":\"https:\\\/\\\/www.frilo.eu\\\/\",\"logo\":{\"@type\":\"ImageObject\",\"inLanguage\":\"en-US\",\"@id\":\"https:\\\/\\\/www.frilo.eu\\\/#\\\/schema\\\/logo\\\/image\\\/\",\"url\":\"https:\\\/\\\/www.frilo.eu\\\/wp-content\\\/uploads\\\/DE\\\/Bilder\\\/Logos\\\/FRILO-Logos\\\/frilo-logo_mit-nemetschek_blau.png\",\"contentUrl\":\"https:\\\/\\\/www.frilo.eu\\\/wp-content\\\/uploads\\\/DE\\\/Bilder\\\/Logos\\\/FRILO-Logos\\\/frilo-logo_mit-nemetschek_blau.png\",\"width\":858,\"height\":284,\"caption\":\"FRILO Software GmbH\"},\"image\":{\"@id\":\"https:\\\/\\\/www.frilo.eu\\\/#\\\/schema\\\/logo\\\/image\\\/\"}}]}<\/script>\n<!-- \/ Yoast SEO Premium plugin. -->","yoast_head_json":{"title":"Rechenbeispiele I FRILO","description":"F\u00fcr s\u00e4mtliche L\u00f6sungen aus dem FRILO-Portfolio stellen wir Ihnen ein eigenes angelegtes Handbuch zum kostenlosen PDF-Download zur Verf\u00fcgung.","robots":{"index":"index","follow":"follow","max-snippet":"max-snippet:-1","max-image-preview":"max-image-preview:large","max-video-preview":"max-video-preview:-1"},"canonical":"https:\/\/www.frilo.eu\/en\/rechenbeispiele\/","og_locale":"en_US","og_type":"article","og_title":"Rechenbeispiele","og_description":"F\u00fcr s\u00e4mtliche L\u00f6sungen aus dem FRILO-Portfolio stellen wir Ihnen ein eigenes angelegtes Handbuch zum kostenlosen PDF-Download zur Verf\u00fcgung.","og_url":"https:\/\/www.frilo.eu\/en\/rechenbeispiele\/","og_site_name":"FRILO","article_modified_time":"2024-01-11T09:47:22+00:00","twitter_card":"summary_large_image","twitter_misc":{"Est. reading time":"1 minute"},"schema":{"@context":"https:\/\/schema.org","@graph":[{"@type":"WebPage","@id":"https:\/\/www.frilo.eu\/en\/rechenbeispiele\/","url":"https:\/\/www.frilo.eu\/en\/rechenbeispiele\/","name":"Rechenbeispiele I FRILO","isPartOf":{"@id":"https:\/\/www.frilo.eu\/#website"},"datePublished":"2022-02-15T14:33:12+00:00","dateModified":"2024-01-11T09:47:22+00:00","description":"F\u00fcr s\u00e4mtliche L\u00f6sungen aus dem FRILO-Portfolio stellen wir Ihnen ein eigenes angelegtes Handbuch zum kostenlosen PDF-Download zur Verf\u00fcgung.","breadcrumb":{"@id":"https:\/\/www.frilo.eu\/en\/rechenbeispiele\/#breadcrumb"},"inLanguage":"en-US","potentialAction":[{"@type":"ReadAction","target":["https:\/\/www.frilo.eu\/en\/rechenbeispiele\/"]}]},{"@type":"BreadcrumbList","@id":"https:\/\/www.frilo.eu\/en\/rechenbeispiele\/#breadcrumb","itemListElement":[{"@type":"ListItem","position":1,"name":"Startseite","item":"https:\/\/www.frilo.eu\/en\/"},{"@type":"ListItem","position":2,"name":"Rechenbeispiele"}]},{"@type":"WebSite","@id":"https:\/\/www.frilo.eu\/#website","url":"https:\/\/www.frilo.eu\/","name":"FRILO Software GmbH","description":"A Nemetschek Company","publisher":{"@id":"https:\/\/www.frilo.eu\/#organization"},"potentialAction":[{"@type":"SearchAction","target":{"@type":"EntryPoint","urlTemplate":"https:\/\/www.frilo.eu\/?s={search_term_string}"},"query-input":{"@type":"PropertyValueSpecification","valueRequired":true,"valueName":"search_term_string"}}],"inLanguage":"en-US"},{"@type":"Organization","@id":"https:\/\/www.frilo.eu\/#organization","name":"FRILO Software GmbH","url":"https:\/\/www.frilo.eu\/","logo":{"@type":"ImageObject","inLanguage":"en-US","@id":"https:\/\/www.frilo.eu\/#\/schema\/logo\/image\/","url":"https:\/\/www.frilo.eu\/wp-content\/uploads\/DE\/Bilder\/Logos\/FRILO-Logos\/frilo-logo_mit-nemetschek_blau.png","contentUrl":"https:\/\/www.frilo.eu\/wp-content\/uploads\/DE\/Bilder\/Logos\/FRILO-Logos\/frilo-logo_mit-nemetschek_blau.png","width":858,"height":284,"caption":"FRILO Software GmbH"},"image":{"@id":"https:\/\/www.frilo.eu\/#\/schema\/logo\/image\/"}}]}},"_links":{"self":[{"href":"https:\/\/www.frilo.eu\/en\/wp-json\/wp\/v2\/pages\/12046","targetHints":{"allow":["GET"]}}],"collection":[{"href":"https:\/\/www.frilo.eu\/en\/wp-json\/wp\/v2\/pages"}],"about":[{"href":"https:\/\/www.frilo.eu\/en\/wp-json\/wp\/v2\/types\/page"}],"author":[{"embeddable":true,"href":"https:\/\/www.frilo.eu\/en\/wp-json\/wp\/v2\/users\/1"}],"replies":[{"embeddable":true,"href":"https:\/\/www.frilo.eu\/en\/wp-json\/wp\/v2\/comments?post=12046"}],"version-history":[{"count":1,"href":"https:\/\/www.frilo.eu\/en\/wp-json\/wp\/v2\/pages\/12046\/revisions"}],"predecessor-version":[{"id":41036,"href":"https:\/\/www.frilo.eu\/en\/wp-json\/wp\/v2\/pages\/12046\/revisions\/41036"}],"wp:attachment":[{"href":"https:\/\/www.frilo.eu\/en\/wp-json\/wp\/v2\/media?parent=12046"}],"curies":[{"name":"wp","href":"https:\/\/api.w.org\/{rel}","templated":true}]}}