{"id":12048,"date":"2022-07-11T07:58:35","date_gmt":"2022-07-11T05:58:35","guid":{"rendered":"https:\/\/staging.frilo.eu\/studentenlizenz-vielen-dank\/"},"modified":"2022-08-22T11:59:49","modified_gmt":"2022-08-22T09:59:49","slug":"studentenlizenz-vielen-dank","status":"publish","type":"page","link":"https:\/\/www.frilo.eu\/en\/studentenlizenz-vielen-dank\/","title":{"rendered":"Student license &#8211; Thank you!"},"content":{"rendered":"\t\t<div data-elementor-type=\"wp-page\" data-elementor-id=\"12048\" class=\"elementor elementor-12048 elementor-8784\" data-elementor-post-type=\"page\">\n\t\t\t\t\t\t<section class=\"elementor-section elementor-top-section elementor-element elementor-element-42e4d87 elementor-section-full_width page-entry-content elementor-section-height-default elementor-section-height-default\" data-id=\"42e4d87\" data-element_type=\"section\" data-e-type=\"section\">\n\t\t\t\t\t\t<div class=\"elementor-container elementor-column-gap-default\">\n\t\t\t\t\t<div class=\"elementor-column elementor-col-100 elementor-top-column elementor-element elementor-element-95e3981\" data-id=\"95e3981\" data-element_type=\"column\" data-e-type=\"column\">\n\t\t\t<div class=\"elementor-widget-wrap elementor-element-populated\">\n\t\t\t\t\t\t<section class=\"elementor-section elementor-inner-section elementor-element elementor-element-ad47faf elementor-section-full_width container elementor-section-height-default elementor-section-height-default\" data-id=\"ad47faf\" data-element_type=\"section\" data-e-type=\"section\">\n\t\t\t\t\t\t<div class=\"elementor-container elementor-column-gap-default\">\n\t\t\t\t\t<div class=\"elementor-column elementor-col-100 elementor-inner-column elementor-element elementor-element-0cf5a46\" data-id=\"0cf5a46\" data-element_type=\"column\" data-e-type=\"column\">\n\t\t\t<div class=\"elementor-widget-wrap elementor-element-populated\">\n\t\t\t\t\t\t<div class=\"elementor-element elementor-element-e73de08 elementor-widget elementor-widget-heading\" data-id=\"e73de08\" data-element_type=\"widget\" data-e-type=\"widget\" data-widget_type=\"heading.default\">\n\t\t\t\t<div class=\"elementor-widget-container\">\n\t\t\t\t\t<h1 class=\"elementor-heading-title elementor-size-default\">Successful request of your student license<\/h1>\t\t\t\t<\/div>\n\t\t\t\t<\/div>\n\t\t\t\t<div class=\"elementor-element elementor-element-68d2f70 elementor-widget elementor-widget-text-editor\" data-id=\"68d2f70\" data-element_type=\"widget\" data-e-type=\"widget\" data-widget_type=\"text-editor.default\">\n\t\t\t\t<div class=\"elementor-widget-container\">\n\t\t\t\t\t\t\t\t\t<p>Vielen Dank, dass du deine kostenlose Studentenlizenz f\u00fcr die FRILO Software angefordert haben. In K\u00fcrze erh\u00e4ltst du eine E-Mail zur Best\u00e4tigung deiner erfolgreichen Anfrage. Die E-Mail beinhaltet neben dem Download-Link zur Installationsdatei und deiner personalisierten Studentenlizenz auch eine Anleitung f\u00fcr die Grundinstallation.<\/p><p>\u00a0<\/p><p>Viel Erfolg beim Entdecken der FRILO Software!<\/p>\t\t\t\t\t\t\t\t<\/div>\n\t\t\t\t<\/div>\n\t\t\t\t\t<\/div>\n\t\t<\/div>\n\t\t\t\t\t<\/div>\n\t\t<\/section>\n\t\t\t\t\t<\/div>\n\t\t<\/div>\n\t\t\t\t\t<\/div>\n\t\t<\/section>\n\t\t\t\t<\/div>\n\t\t","protected":false},"excerpt":{"rendered":"<p>Successful request of your student license Vielen Dank, dass du deine kostenlose Studentenlizenz f\u00fcr die FRILO Software angefordert haben. In K\u00fcrze erh\u00e4ltst du eine E-Mail zur Best\u00e4tigung deiner erfolgreichen Anfrage. Die E-Mail beinhaltet neben dem Download-Link zur Installationsdatei und deiner personalisierten Studentenlizenz auch eine Anleitung f\u00fcr die Grundinstallation. \u00a0 Viel Erfolg beim Entdecken der FRILO [&hellip;]<\/p>\n","protected":false},"author":1,"featured_media":0,"parent":0,"menu_order":0,"comment_status":"closed","ping_status":"closed","template":"","meta":{"_acf_changed":false,"footnotes":""},"class_list":["post-12048","page","type-page","status-publish","hentry"],"acf":[],"yoast_head":"<!-- This site is optimized with the Yoast SEO Premium plugin v24.0 (Yoast SEO v27.3) - https:\/\/yoast.com\/product\/yoast-seo-premium-wordpress\/ -->\n<title>Student license - Thank you! - FRILO<\/title>\n<meta name=\"robots\" content=\"index, follow, max-snippet:-1, max-image-preview:large, max-video-preview:-1\" \/>\n<link rel=\"canonical\" href=\"https:\/\/www.frilo.eu\/en\/studentenlizenz-vielen-dank\/\" \/>\n<meta property=\"og:locale\" content=\"en_US\" \/>\n<meta property=\"og:type\" content=\"article\" \/>\n<meta property=\"og:title\" content=\"Student license - Thank you!\" \/>\n<meta property=\"og:description\" content=\"Successful request of your student license Vielen Dank, dass du deine kostenlose Studentenlizenz f\u00fcr die FRILO Software angefordert haben. In K\u00fcrze erh\u00e4ltst du eine E-Mail zur Best\u00e4tigung deiner erfolgreichen Anfrage. Die E-Mail beinhaltet neben dem Download-Link zur Installationsdatei und deiner personalisierten Studentenlizenz auch eine Anleitung f\u00fcr die Grundinstallation. \u00a0 Viel Erfolg beim Entdecken der FRILO [&hellip;]\" \/>\n<meta property=\"og:url\" content=\"https:\/\/www.frilo.eu\/en\/studentenlizenz-vielen-dank\/\" \/>\n<meta property=\"og:site_name\" content=\"FRILO\" \/>\n<meta property=\"article:modified_time\" content=\"2022-08-22T09:59:49+00:00\" \/>\n<meta name=\"twitter:card\" content=\"summary_large_image\" \/>\n<script type=\"application\/ld+json\" class=\"yoast-schema-graph\">{\"@context\":\"https:\\\/\\\/schema.org\",\"@graph\":[{\"@type\":\"WebPage\",\"@id\":\"https:\\\/\\\/www.frilo.eu\\\/en\\\/studentenlizenz-vielen-dank\\\/\",\"url\":\"https:\\\/\\\/www.frilo.eu\\\/en\\\/studentenlizenz-vielen-dank\\\/\",\"name\":\"Student license - Thank you! - FRILO\",\"isPartOf\":{\"@id\":\"https:\\\/\\\/www.frilo.eu\\\/#website\"},\"datePublished\":\"2022-07-11T05:58:35+00:00\",\"dateModified\":\"2022-08-22T09:59:49+00:00\",\"breadcrumb\":{\"@id\":\"https:\\\/\\\/www.frilo.eu\\\/en\\\/studentenlizenz-vielen-dank\\\/#breadcrumb\"},\"inLanguage\":\"en-US\",\"potentialAction\":[{\"@type\":\"ReadAction\",\"target\":[\"https:\\\/\\\/www.frilo.eu\\\/en\\\/studentenlizenz-vielen-dank\\\/\"]}]},{\"@type\":\"BreadcrumbList\",\"@id\":\"https:\\\/\\\/www.frilo.eu\\\/en\\\/studentenlizenz-vielen-dank\\\/#breadcrumb\",\"itemListElement\":[{\"@type\":\"ListItem\",\"position\":1,\"name\":\"Startseite\",\"item\":\"https:\\\/\\\/www.frilo.eu\\\/en\\\/\"},{\"@type\":\"ListItem\",\"position\":2,\"name\":\"Student license &#8211; Thank you!\"}]},{\"@type\":\"WebSite\",\"@id\":\"https:\\\/\\\/www.frilo.eu\\\/#website\",\"url\":\"https:\\\/\\\/www.frilo.eu\\\/\",\"name\":\"FRILO Software GmbH\",\"description\":\"A Nemetschek Company\",\"publisher\":{\"@id\":\"https:\\\/\\\/www.frilo.eu\\\/#organization\"},\"potentialAction\":[{\"@type\":\"SearchAction\",\"target\":{\"@type\":\"EntryPoint\",\"urlTemplate\":\"https:\\\/\\\/www.frilo.eu\\\/?s={search_term_string}\"},\"query-input\":{\"@type\":\"PropertyValueSpecification\",\"valueRequired\":true,\"valueName\":\"search_term_string\"}}],\"inLanguage\":\"en-US\"},{\"@type\":\"Organization\",\"@id\":\"https:\\\/\\\/www.frilo.eu\\\/#organization\",\"name\":\"FRILO Software GmbH\",\"url\":\"https:\\\/\\\/www.frilo.eu\\\/\",\"logo\":{\"@type\":\"ImageObject\",\"inLanguage\":\"en-US\",\"@id\":\"https:\\\/\\\/www.frilo.eu\\\/#\\\/schema\\\/logo\\\/image\\\/\",\"url\":\"https:\\\/\\\/www.frilo.eu\\\/wp-content\\\/uploads\\\/DE\\\/Bilder\\\/Logos\\\/FRILO-Logos\\\/frilo-logo_mit-nemetschek_blau.png\",\"contentUrl\":\"https:\\\/\\\/www.frilo.eu\\\/wp-content\\\/uploads\\\/DE\\\/Bilder\\\/Logos\\\/FRILO-Logos\\\/frilo-logo_mit-nemetschek_blau.png\",\"width\":858,\"height\":284,\"caption\":\"FRILO Software GmbH\"},\"image\":{\"@id\":\"https:\\\/\\\/www.frilo.eu\\\/#\\\/schema\\\/logo\\\/image\\\/\"}}]}<\/script>\n<!-- \/ Yoast SEO Premium plugin. -->","yoast_head_json":{"title":"Student license - Thank you! - FRILO","robots":{"index":"index","follow":"follow","max-snippet":"max-snippet:-1","max-image-preview":"max-image-preview:large","max-video-preview":"max-video-preview:-1"},"canonical":"https:\/\/www.frilo.eu\/en\/studentenlizenz-vielen-dank\/","og_locale":"en_US","og_type":"article","og_title":"Student license - Thank you!","og_description":"Successful request of your student license Vielen Dank, dass du deine kostenlose Studentenlizenz f\u00fcr die FRILO Software angefordert haben. In K\u00fcrze erh\u00e4ltst du eine E-Mail zur Best\u00e4tigung deiner erfolgreichen Anfrage. Die E-Mail beinhaltet neben dem Download-Link zur Installationsdatei und deiner personalisierten Studentenlizenz auch eine Anleitung f\u00fcr die Grundinstallation. \u00a0 Viel Erfolg beim Entdecken der FRILO [&hellip;]","og_url":"https:\/\/www.frilo.eu\/en\/studentenlizenz-vielen-dank\/","og_site_name":"FRILO","article_modified_time":"2022-08-22T09:59:49+00:00","twitter_card":"summary_large_image","schema":{"@context":"https:\/\/schema.org","@graph":[{"@type":"WebPage","@id":"https:\/\/www.frilo.eu\/en\/studentenlizenz-vielen-dank\/","url":"https:\/\/www.frilo.eu\/en\/studentenlizenz-vielen-dank\/","name":"Student license - Thank you! - FRILO","isPartOf":{"@id":"https:\/\/www.frilo.eu\/#website"},"datePublished":"2022-07-11T05:58:35+00:00","dateModified":"2022-08-22T09:59:49+00:00","breadcrumb":{"@id":"https:\/\/www.frilo.eu\/en\/studentenlizenz-vielen-dank\/#breadcrumb"},"inLanguage":"en-US","potentialAction":[{"@type":"ReadAction","target":["https:\/\/www.frilo.eu\/en\/studentenlizenz-vielen-dank\/"]}]},{"@type":"BreadcrumbList","@id":"https:\/\/www.frilo.eu\/en\/studentenlizenz-vielen-dank\/#breadcrumb","itemListElement":[{"@type":"ListItem","position":1,"name":"Startseite","item":"https:\/\/www.frilo.eu\/en\/"},{"@type":"ListItem","position":2,"name":"Student license &#8211; Thank you!"}]},{"@type":"WebSite","@id":"https:\/\/www.frilo.eu\/#website","url":"https:\/\/www.frilo.eu\/","name":"FRILO Software GmbH","description":"A Nemetschek Company","publisher":{"@id":"https:\/\/www.frilo.eu\/#organization"},"potentialAction":[{"@type":"SearchAction","target":{"@type":"EntryPoint","urlTemplate":"https:\/\/www.frilo.eu\/?s={search_term_string}"},"query-input":{"@type":"PropertyValueSpecification","valueRequired":true,"valueName":"search_term_string"}}],"inLanguage":"en-US"},{"@type":"Organization","@id":"https:\/\/www.frilo.eu\/#organization","name":"FRILO Software GmbH","url":"https:\/\/www.frilo.eu\/","logo":{"@type":"ImageObject","inLanguage":"en-US","@id":"https:\/\/www.frilo.eu\/#\/schema\/logo\/image\/","url":"https:\/\/www.frilo.eu\/wp-content\/uploads\/DE\/Bilder\/Logos\/FRILO-Logos\/frilo-logo_mit-nemetschek_blau.png","contentUrl":"https:\/\/www.frilo.eu\/wp-content\/uploads\/DE\/Bilder\/Logos\/FRILO-Logos\/frilo-logo_mit-nemetschek_blau.png","width":858,"height":284,"caption":"FRILO Software GmbH"},"image":{"@id":"https:\/\/www.frilo.eu\/#\/schema\/logo\/image\/"}}]}},"_links":{"self":[{"href":"https:\/\/www.frilo.eu\/en\/wp-json\/wp\/v2\/pages\/12048","targetHints":{"allow":["GET"]}}],"collection":[{"href":"https:\/\/www.frilo.eu\/en\/wp-json\/wp\/v2\/pages"}],"about":[{"href":"https:\/\/www.frilo.eu\/en\/wp-json\/wp\/v2\/types\/page"}],"author":[{"embeddable":true,"href":"https:\/\/www.frilo.eu\/en\/wp-json\/wp\/v2\/users\/1"}],"replies":[{"embeddable":true,"href":"https:\/\/www.frilo.eu\/en\/wp-json\/wp\/v2\/comments?post=12048"}],"version-history":[{"count":5,"href":"https:\/\/www.frilo.eu\/en\/wp-json\/wp\/v2\/pages\/12048\/revisions"}],"predecessor-version":[{"id":13872,"href":"https:\/\/www.frilo.eu\/en\/wp-json\/wp\/v2\/pages\/12048\/revisions\/13872"}],"wp:attachment":[{"href":"https:\/\/www.frilo.eu\/en\/wp-json\/wp\/v2\/media?parent=12048"}],"curies":[{"name":"wp","href":"https:\/\/api.w.org\/{rel}","templated":true}]}}